{"id":6039,"date":"2025-02-12T22:14:52","date_gmt":"2025-02-12T21:14:52","guid":{"rendered":"https:\/\/www.structo.ch\/marketing-dienstleistungen-in-biel\/"},"modified":"2025-03-20T09:50:34","modified_gmt":"2025-03-20T08:50:34","slug":"marketing-dienstleistungen-in-biel","status":"publish","type":"page","link":"https:\/\/www.structo.ch\/de\/marketing-dienstleistungen-in-biel\/","title":{"rendered":"Marketingstrategie in Biel"},"content":{"rendered":"\t\t<div data-elementor-type=\"wp-page\" data-elementor-id=\"6039\" class=\"elementor elementor-6039 elementor-6018\" data-elementor-post-type=\"page\">\n\t\t\t\t<div class=\"elementor-element elementor-element-b08b10f e-grid e-con-full e-con e-parent\" data-id=\"b08b10f\" data-element_type=\"container\" data-e-type=\"container\" data-settings=\"{&quot;background_background&quot;:&quot;classic&quot;}\">\n\t\t<div class=\"elementor-element elementor-element-195ebb8 e-con-full aspect-ratio-1 e-flex e-con e-child\" data-id=\"195ebb8\" data-element_type=\"container\" data-e-type=\"container\">\n\t\t\t\t<div class=\"elementor-element elementor-element-e9ac9f4 elementor-widget elementor-widget-menu-anchor\" data-id=\"e9ac9f4\" data-element_type=\"widget\" data-e-type=\"widget\" data-widget_type=\"menu-anchor.default\">\n\t\t\t\t\t\t\t<div class=\"elementor-menu-anchor\" id=\"visuelle-kommunikation\"><\/div>\n\t\t\t\t\t\t<\/div>\n\t\t\t\t<div class=\"elementor-element elementor-element-125c7bc elementor-widget elementor-widget-video\" data-id=\"125c7bc\" data-element_type=\"widget\" data-e-type=\"widget\" data-settings=\"{&quot;video_type&quot;:&quot;hosted&quot;,&quot;autoplay&quot;:&quot;yes&quot;,&quot;mute&quot;:&quot;yes&quot;,&quot;loop&quot;:&quot;yes&quot;}\" data-widget_type=\"video.default\">\n\t\t\t\t\t\t\t<div class=\"e-hosted-video elementor-wrapper elementor-open-inline\">\n\t\t\t\t\t<video class=\"elementor-video\" src=\"https:\/\/www.structo.ch\/wp-content\/uploads\/2019\/03\/TeaserMarketing-1.mp4\" autoplay=\"\" loop=\"\" muted=\"muted\" controlsList=\"nodownload\"><\/video>\n\t\t\t\t<\/div>\n\t\t\t\t\t\t<\/div>\n\t\t\t\t<\/div>\n\t\t<div class=\"elementor-element elementor-element-dff2a0b e-con-full e-flex e-con e-child\" data-id=\"dff2a0b\" data-element_type=\"container\" data-e-type=\"container\">\n\t\t\t\t<div class=\"elementor-element elementor-element-ab84760 elementor-widget elementor-widget-heading\" data-id=\"ab84760\" data-element_type=\"widget\" data-e-type=\"widget\" data-widget_type=\"heading.default\">\n\t\t\t\t\t<h1 class=\"elementor-heading-title elementor-size-default\">Effektive und ma\u00dfgeschneiderte digitale Strategien<\/h1>\t\t\t\t<\/div>\n\t\t\t\t<div class=\"elementor-element elementor-element-2d6c357 elementor-widget elementor-widget-text-editor\" data-id=\"2d6c357\" data-element_type=\"widget\" data-e-type=\"widget\" data-widget_type=\"text-editor.default\">\n\t\t\t\t\t\t\t\t\t<p>Bei Structo bieten wir ein umfassendes Spektrum an Marketing-Dienstleistungen, um Ihre \u00d6ffentlichkeitsarbeit und Kommunikation zu optimieren. Mit unserem Standort in Biel verstehen wir die Besonderheiten des lokalen Marktes und passen unsere Strategien entsprechend an. Wir unterst\u00fctzen Sie in der Online- und Offline-Kommunikation und entwickeln gemeinsam mit Ihnen wirkungsvolle Kampagnen. Dank einer gezielten SEO-Optimierung sorgen wir f\u00fcr mehr Sichtbarkeit auf digitalen Plattformen. Kurz gesagt: Wir helfen Ihnen bei der Analyse, Erstellung und Verbreitung von Inhalten, die genau auf Ihre Zielgruppe abgestimmt sind.<\/p>\n\t\t\t\t\t\t\t\t<\/div>\n\t\t<div class=\"elementor-element elementor-element-959156a e-con-full e-flex e-con e-child\" data-id=\"959156a\" data-element_type=\"container\" data-e-type=\"container\">\n\t\t\t\t<div class=\"elementor-element elementor-element-7fb51fa elementor-widget elementor-widget-button\" data-id=\"7fb51fa\" data-element_type=\"widget\" data-e-type=\"widget\" data-widget_type=\"button.default\">\n\t\t\t\t\t\t\t\t\t\t<a class=\"elementor-button elementor-button-link elementor-size-sm\" href=\"https:\/\/www.structo.ch\/de\/team-kontakt\/\">\n\t\t\t\t\t\t<span class=\"elementor-button-content-wrapper\">\n\t\t\t\t\t\t\t\t\t<span class=\"elementor-button-text\">Kontakt \u2193<\/span>\n\t\t\t\t\t<\/span>\n\t\t\t\t\t<\/a>\n\t\t\t\t\t\t\t\t<\/div>\n\t\t\t\t<div class=\"elementor-element elementor-element-a310568 elementor-widget elementor-widget-button\" data-id=\"a310568\" data-element_type=\"widget\" data-e-type=\"widget\" data-widget_type=\"button.default\">\n\t\t\t\t\t\t\t\t\t\t<a class=\"elementor-button elementor-button-link elementor-size-sm\" href=\"#leistungen\">\n\t\t\t\t\t\t<span class=\"elementor-button-content-wrapper\">\n\t\t\t\t\t\t\t\t\t<span class=\"elementor-button-text\">Services \u2193<\/span>\n\t\t\t\t\t<\/span>\n\t\t\t\t\t<\/a>\n\t\t\t\t\t\t\t\t<\/div>\n\t\t\t\t<div class=\"elementor-element elementor-element-723e355 elementor-widget elementor-widget-button\" data-id=\"723e355\" data-element_type=\"widget\" data-e-type=\"widget\" data-widget_type=\"button.default\">\n\t\t\t\t\t\t\t\t\t\t<a class=\"elementor-button elementor-button-link elementor-size-sm\" href=\"#clients\">\n\t\t\t\t\t\t<span class=\"elementor-button-content-wrapper\">\n\t\t\t\t\t\t\t\t\t<span class=\"elementor-button-text\">Clients \u2193<\/span>\n\t\t\t\t\t<\/span>\n\t\t\t\t\t<\/a>\n\t\t\t\t\t\t\t\t<\/div>\n\t\t\t\t<\/div>\n\t\t\t\t<\/div>\n\t\t\t\t<\/div>\n\t\t<div class=\"elementor-element elementor-element-ce1e11b e-flex e-con-boxed e-con e-parent\" data-id=\"ce1e11b\" data-element_type=\"container\" data-e-type=\"container\" data-settings=\"{&quot;background_background&quot;:&quot;classic&quot;}\">\n\t\t\t\t\t<div class=\"e-con-inner\">\n\t\t\t\t<div class=\"elementor-element elementor-element-39ac1b0 elementor-widget elementor-widget-spacer\" data-id=\"39ac1b0\" data-element_type=\"widget\" data-e-type=\"widget\" data-widget_type=\"spacer.default\">\n\t\t\t\t\t\t\t<div class=\"elementor-spacer\">\n\t\t\t<div class=\"elementor-spacer-inner\"><\/div>\n\t\t<\/div>\n\t\t\t\t\t\t<\/div>\n\t\t\t\t<div class=\"elementor-element elementor-element-09afb79 elementor-widget elementor-widget-menu-anchor\" data-id=\"09afb79\" data-element_type=\"widget\" data-e-type=\"widget\" data-widget_type=\"menu-anchor.default\">\n\t\t\t\t\t\t\t<div class=\"elementor-menu-anchor\" id=\"leistungen\"><\/div>\n\t\t\t\t\t\t<\/div>\n\t\t\t\t\t<\/div>\n\t\t\t\t<\/div>\n\t\t<div class=\"elementor-element elementor-element-0147a14 e-con-full e-flex e-con e-parent\" data-id=\"0147a14\" data-element_type=\"container\" data-e-type=\"container\" data-settings=\"{&quot;background_background&quot;:&quot;classic&quot;}\">\n\t\t<div class=\"elementor-element elementor-element-d2a42b7 e-con-full e-flex e-con e-child\" data-id=\"d2a42b7\" data-element_type=\"container\" data-e-type=\"container\">\n\t\t\t\t<div class=\"elementor-element elementor-element-30cbc5c elementor-widget elementor-widget-heading\" data-id=\"30cbc5c\" data-element_type=\"widget\" data-e-type=\"widget\" data-widget_type=\"heading.default\">\n\t\t\t\t\t<h2 class=\"elementor-heading-title elementor-size-default\">Unsere Dienstleistungen<\/h2>\t\t\t\t<\/div>\n\t\t\t\t<\/div>\n\t\t<div class=\"elementor-element elementor-element-030f861 e-grid e-con-full e-con e-child\" data-id=\"030f861\" data-element_type=\"container\" data-e-type=\"container\">\n\t\t<div class=\"elementor-element elementor-element-f879590 e-con-full e-flex e-con e-child\" data-id=\"f879590\" data-element_type=\"container\" data-e-type=\"container\">\n\t\t\t\t<div class=\"elementor-element elementor-element-dc3ca0f elementor-widget elementor-widget-heading\" data-id=\"dc3ca0f\" data-element_type=\"widget\" data-e-type=\"widget\" data-widget_type=\"heading.default\">\n\t\t\t\t\t<h3 class=\"elementor-heading-title elementor-size-default\">Strategie<\/h3>\t\t\t\t<\/div>\n\t\t\t\t<div class=\"elementor-element elementor-element-6392613 elementor-widget elementor-widget-text-editor\" data-id=\"6392613\" data-element_type=\"widget\" data-e-type=\"widget\" data-widget_type=\"text-editor.default\">\n\t\t\t\t\t\t\t\t\t<p>Wir entwickeln Storyboards, produzieren Videos und planen Kampagnen mit klaren und gezielten Inhalten.<\/p>\n<p><b>\u2022<\/b>\u00a0 Crowdfunding<b><br \/>\n<\/b><\/p>\n<p><b>\u2022<\/b>\u00a0 Videodrehs<b><br \/>\n<\/b><\/p>\n<p><b>\u2022<\/b>\u00a0 Fotoshootings<b><br \/>\n<\/b><\/p>\n<p><b>\u2022<\/b>\u00a0 Marketing-Konzepte<\/p>\n<p><b>\u2022<\/b>\u00a0 Projektmanagement<\/p>\n\t\t\t\t\t\t\t\t<\/div>\n\t\t\t\t<\/div>\n\t\t<div class=\"elementor-element elementor-element-07d3734 e-con-full e-flex e-con e-child\" data-id=\"07d3734\" data-element_type=\"container\" data-e-type=\"container\">\n\t\t\t\t<div class=\"elementor-element elementor-element-0256873 elementor-widget elementor-widget-heading\" data-id=\"0256873\" data-element_type=\"widget\" data-e-type=\"widget\" data-widget_type=\"heading.default\">\n\t\t\t\t\t<h3 class=\"elementor-heading-title elementor-size-default\">E-marketing<\/h3>\t\t\t\t<\/div>\n\t\t\t\t<div class=\"elementor-element elementor-element-62064b8 elementor-widget elementor-widget-text-editor\" data-id=\"62064b8\" data-element_type=\"widget\" data-e-type=\"widget\" data-widget_type=\"text-editor.default\">\n\t\t\t\t\t\t\t\t\tWir nutzen Tools wie Google Analytics, Facebook Analytics oder die Google Search Console, um wertvolle Einblicke zu gewinnen. Google MyBusiness, Newsletter und Facebook-Marketing sind ebenfalls essenziell f\u00fcr KMU.\r\n\r\n<b>\u2022<\/b>\u00a0 Google Analytics<b>\r\n<\/b>\r\n\r\n<b>\u2022<\/b>\u00a0 Google MyBusiness<b>\r\n<\/b>\r\n\r\n<b>\u2022<\/b>\u00a0 Facebook \/ Meta Ads<b>\r\n<\/b>\r\n\r\n<b>\u2022<\/b>\u00a0 Mailchimp-Newsletter\r\n\r\n<b>\u2022<\/b>\u00a0 Individuelle Schulungen\t\t\t\t\t\t\t\t<\/div>\n\t\t\t\t<\/div>\n\t\t<div class=\"elementor-element elementor-element-fd7f5b1 e-con-full e-flex e-con e-child\" data-id=\"fd7f5b1\" data-element_type=\"container\" data-e-type=\"container\">\n\t\t\t\t<div class=\"elementor-element elementor-element-d68dd53 elementor-widget elementor-widget-heading\" data-id=\"d68dd53\" data-element_type=\"widget\" data-e-type=\"widget\" data-widget_type=\"heading.default\">\n\t\t\t\t\t<h3 class=\"elementor-heading-title elementor-size-default\">Storytelling<\/h3>\t\t\t\t<\/div>\n\t\t\t\t<div class=\"elementor-element elementor-element-5a4d4e7 elementor-widget elementor-widget-text-editor\" data-id=\"5a4d4e7\" data-element_type=\"widget\" data-e-type=\"widget\" data-widget_type=\"text-editor.default\">\n\t\t\t\t\t\t\t\t\tEine gute Geschichte bewegt Menschen mehr als blo\u00dfe Fakten und Zahlen. Wir entwickeln Erz\u00e4hlungen, die Ihre Kunden emotional ansprechen und sie pers\u00f6nlich involvieren.\r\n\r\n<b>\u2022<\/b>\u00a0 Visuelle Identit\u00e4t\r\n\r\n<b>\u2022<\/b>\u00a0 Video-Szenarien\r\n\r\n<b>\u2022<\/b>\u00a0 Texterstellung\r\n\r\n<b>\u2022<\/b>\u00a0 Text\u00fcbersetzung\r\n\r\n<b>\u2022<\/b>\u00a0 Interdisziplin\u00e4re Workshops\t\t\t\t\t\t\t\t<\/div>\n\t\t\t\t<\/div>\n\t\t<div class=\"elementor-element elementor-element-ee27b87 e-con-full e-flex e-con e-child\" data-id=\"ee27b87\" data-element_type=\"container\" data-e-type=\"container\">\n\t\t\t\t<div class=\"elementor-element elementor-element-766d6b4 elementor-widget elementor-widget-heading\" data-id=\"766d6b4\" data-element_type=\"widget\" data-e-type=\"widget\" data-widget_type=\"heading.default\">\n\t\t\t\t\t<h3 class=\"elementor-heading-title elementor-size-default\">SEO<\/h3>\t\t\t\t<\/div>\n\t\t\t\t<div class=\"elementor-element elementor-element-5ca8bdc elementor-widget elementor-widget-text-editor\" data-id=\"5ca8bdc\" data-element_type=\"widget\" data-e-type=\"widget\" data-widget_type=\"text-editor.default\">\n\t\t\t\t\t\t\t\t\t<p>Wir arbeiten mit professionellen Tools und entwickeln gezielte Ma\u00dfnahmen zur Suchmaschinenoptimierung (SEO). Das Ergebnis: ein besseres Ranking, mehr Besucher und mehr Kunden.<\/p>\n<p><b>\u2022<\/b>\u00a0 SEO-Analyse &#038; Beratung<\/p>\n<p><b>\u2022<\/b>\u00a0 Textoptimierung<\/p>\n<p><b>\u2022<\/b>\u00a0 Social Media<\/p>\n<p><b>\u2022<\/b>\u00a0 Wireframe-Erstellung<\/p>\n\t\t\t\t\t\t\t\t<\/div>\n\t\t\t\t<div class=\"elementor-element elementor-element-882e9fa elementor-widget elementor-widget-button\" data-id=\"882e9fa\" data-element_type=\"widget\" data-e-type=\"widget\" data-widget_type=\"button.default\">\n\t\t\t\t\t\t\t\t\t\t<a class=\"elementor-button elementor-button-link elementor-size-sm\" href=\"https:\/\/www.structo.ch\/de\/team-kontakt\/\">\n\t\t\t\t\t\t<span class=\"elementor-button-content-wrapper\">\n\t\t\t\t\t\t\t\t\t<span class=\"elementor-button-text\">Kontaktaufnahme \u2192<\/span>\n\t\t\t\t\t<\/span>\n\t\t\t\t\t<\/a>\n\t\t\t\t\t\t\t\t<\/div>\n\t\t\t\t<\/div>\n\t\t\t\t<\/div>\n\t\t\t\t<\/div>\n\t\t<div class=\"elementor-element elementor-element-d2424d6 e-flex e-con-boxed e-con e-parent\" data-id=\"d2424d6\" data-element_type=\"container\" data-e-type=\"container\" data-settings=\"{&quot;background_background&quot;:&quot;classic&quot;}\">\n\t\t\t\t\t<div class=\"e-con-inner\">\n\t\t\t\t<div class=\"elementor-element elementor-element-535da0b elementor-widget elementor-widget-spacer\" data-id=\"535da0b\" data-element_type=\"widget\" data-e-type=\"widget\" data-widget_type=\"spacer.default\">\n\t\t\t\t\t\t\t<div class=\"elementor-spacer\">\n\t\t\t<div class=\"elementor-spacer-inner\"><\/div>\n\t\t<\/div>\n\t\t\t\t\t\t<\/div>\n\t\t\t\t<div class=\"elementor-element elementor-element-481be1a elementor-widget elementor-widget-menu-anchor\" data-id=\"481be1a\" data-element_type=\"widget\" data-e-type=\"widget\" data-widget_type=\"menu-anchor.default\">\n\t\t\t\t\t\t\t<div class=\"elementor-menu-anchor\" id=\"clients\"><\/div>\n\t\t\t\t\t\t<\/div>\n\t\t\t\t\t<\/div>\n\t\t\t\t<\/div>\n\t\t<div class=\"elementor-element elementor-element-54b6ee6 e-grid e-con-full e-con e-parent\" data-id=\"54b6ee6\" data-element_type=\"container\" data-e-type=\"container\" data-settings=\"{&quot;background_background&quot;:&quot;classic&quot;}\">\n\t\t<div class=\"elementor-element elementor-element-b137f35 e-con-full aspect-ratio-1 e-flex e-con e-child\" data-id=\"b137f35\" data-element_type=\"container\" data-e-type=\"container\" data-settings=\"{&quot;background_background&quot;:&quot;classic&quot;}\">\n\t\t\t\t<div class=\"elementor-element elementor-element-806317c elementor-widget elementor-widget-menu-anchor\" data-id=\"806317c\" data-element_type=\"widget\" data-e-type=\"widget\" data-widget_type=\"menu-anchor.default\">\n\t\t\t\t\t\t\t<div class=\"elementor-menu-anchor\" id=\"communication-visuelle\"><\/div>\n\t\t\t\t\t\t<\/div>\n\t\t\t\t<\/div>\n\t\t<div class=\"elementor-element elementor-element-2338583 e-con-full e-flex e-con e-child\" data-id=\"2338583\" data-element_type=\"container\" data-e-type=\"container\">\n\t\t\t\t<div class=\"elementor-element elementor-element-bb3b62d elementor-widget elementor-widget-heading\" data-id=\"bb3b62d\" data-element_type=\"widget\" data-e-type=\"widget\" data-widget_type=\"heading.default\">\n\t\t\t\t\t<h2 class=\"elementor-heading-title elementor-size-default\">Weitere Referenzen<\/h2>\t\t\t\t<\/div>\n\t\t<div class=\"elementor-element elementor-element-ae84689 e-con-full e-flex e-con e-child\" data-id=\"ae84689\" data-element_type=\"container\" data-e-type=\"container\">\n\t\t\t\t<div class=\"elementor-element elementor-element-e3c8fdd elementor-widget elementor-widget-button\" data-id=\"e3c8fdd\" data-element_type=\"widget\" data-e-type=\"widget\" data-widget_type=\"button.default\">\n\t\t\t\t\t\t\t\t\t\t<a class=\"elementor-button elementor-button-link elementor-size-sm\" href=\"https:\/\/scanpiii.com\/\" target=\"_blank\">\n\t\t\t\t\t\t<span class=\"elementor-button-content-wrapper\">\n\t\t\t\t\t\t\t\t\t<span class=\"elementor-button-text\">Scanpiii<\/span>\n\t\t\t\t\t<\/span>\n\t\t\t\t\t<\/a>\n\t\t\t\t\t\t\t\t<\/div>\n\t\t\t\t<div class=\"elementor-element elementor-element-80e4233 elementor-widget elementor-widget-button\" data-id=\"80e4233\" data-element_type=\"widget\" data-e-type=\"widget\" data-widget_type=\"button.default\">\n\t\t\t\t\t\t\t\t\t\t<a class=\"elementor-button elementor-button-link elementor-size-sm\" href=\"https:\/\/aerztederwelt.ch\/\" target=\"_blank\">\n\t\t\t\t\t\t<span class=\"elementor-button-content-wrapper\">\n\t\t\t\t\t\t\t\t\t<span class=\"elementor-button-text\">M\u00e9decins du Monde Schweiz<\/span>\n\t\t\t\t\t<\/span>\n\t\t\t\t\t<\/a>\n\t\t\t\t\t\t\t\t<\/div>\n\t\t\t\t<div class=\"elementor-element elementor-element-df516fa elementor-widget elementor-widget-button\" data-id=\"df516fa\" data-element_type=\"widget\" data-e-type=\"widget\" data-widget_type=\"button.default\">\n\t\t\t\t\t\t\t\t\t\t<a class=\"elementor-button elementor-button-link elementor-size-sm\" href=\"https:\/\/www.campingsaignelegier.ch\/\" target=\"_blank\">\n\t\t\t\t\t\t<span class=\"elementor-button-content-wrapper\">\n\t\t\t\t\t\t\t\t\t<span class=\"elementor-button-text\">Camping Saignelegier<\/span>\n\t\t\t\t\t<\/span>\n\t\t\t\t\t<\/a>\n\t\t\t\t\t\t\t\t<\/div>\n\t\t\t\t<div class=\"elementor-element elementor-element-0bae7a0 elementor-widget elementor-widget-button\" data-id=\"0bae7a0\" data-element_type=\"widget\" data-e-type=\"widget\" data-widget_type=\"button.default\">\n\t\t\t\t\t\t\t\t\t\t<a class=\"elementor-button elementor-button-link elementor-size-sm\" href=\"https:\/\/www.instagram.com\/tennis_champagne\/\" target=\"_blank\">\n\t\t\t\t\t\t<span class=\"elementor-button-content-wrapper\">\n\t\t\t\t\t\t\t\t\t<span class=\"elementor-button-text\">Tennis Champagne<\/span>\n\t\t\t\t\t<\/span>\n\t\t\t\t\t<\/a>\n\t\t\t\t\t\t\t\t<\/div>\n\t\t\t\t<div class=\"elementor-element elementor-element-62b4e4c elementor-widget elementor-widget-button\" data-id=\"62b4e4c\" data-element_type=\"widget\" data-e-type=\"widget\" data-widget_type=\"button.default\">\n\t\t\t\t\t\t\t\t\t\t<a class=\"elementor-button elementor-button-link elementor-size-sm\" href=\"https:\/\/www.flathold.com\/\" target=\"_blank\">\n\t\t\t\t\t\t<span class=\"elementor-button-content-wrapper\">\n\t\t\t\t\t\t\t\t\t<span class=\"elementor-button-text\">FLATHOLD<\/span>\n\t\t\t\t\t<\/span>\n\t\t\t\t\t<\/a>\n\t\t\t\t\t\t\t\t<\/div>\n\t\t\t\t<div class=\"elementor-element elementor-element-b8cbb67 elementor-widget elementor-widget-button\" data-id=\"b8cbb67\" data-element_type=\"widget\" data-e-type=\"widget\" data-widget_type=\"button.default\">\n\t\t\t\t\t\t\t\t\t\t<a class=\"elementor-button elementor-button-link elementor-size-sm\" href=\"https:\/\/www.structo.ch\/de\/agentur-fuer-webentwicklung-in-biel\/\">\n\t\t\t\t\t\t<span class=\"elementor-button-content-wrapper\">\n\t\t\t\t\t\t\t\t\t<span class=\"elementor-button-text\">Web Entwicklung \u2192<\/span>\n\t\t\t\t\t<\/span>\n\t\t\t\t\t<\/a>\n\t\t\t\t\t\t\t\t<\/div>\n\t\t\t\t<\/div>\n\t\t\t\t<\/div>\n\t\t\t\t<\/div>\n\t\t\t\t<\/div>\n\t\t","protected":false},"excerpt":{"rendered":"<p>https:\/\/www.structo.ch\/wp-content\/uploads\/2019\/03\/TeaserMarketing-1.mp4 Effektive und ma\u00dfgeschneiderte digitale Strategien Bei Structo bieten wir ein umfassendes Spektrum an Marketing-Dienstleistungen, um Ihre \u00d6ffentlichkeitsarbeit und Kommunikation zu optimieren. Mit unserem Standort in Biel verstehen wir die Besonderheiten des lokalen Marktes und passen unsere Strategien entsprechend an. Wir unterst\u00fctzen Sie in der Online- und Offline-Kommunikation und entwickeln gemeinsam mit Ihnen wirkungsvolle Kampagnen. [&hellip;]<\/p>\n","protected":false},"author":1,"featured_media":0,"parent":0,"menu_order":0,"comment_status":"closed","ping_status":"closed","template":"","meta":{"_acf_changed":false,"inline_featured_image":false,"footnotes":""},"class_list":["post-6039","page","type-page","status-publish","hentry"],"acf":[],"_links":{"self":[{"href":"https:\/\/www.structo.ch\/de\/wp-json\/wp\/v2\/pages\/6039","targetHints":{"allow":["GET"]}}],"collection":[{"href":"https:\/\/www.structo.ch\/de\/wp-json\/wp\/v2\/pages"}],"about":[{"href":"https:\/\/www.structo.ch\/de\/wp-json\/wp\/v2\/types\/page"}],"author":[{"embeddable":true,"href":"https:\/\/www.structo.ch\/de\/wp-json\/wp\/v2\/users\/1"}],"replies":[{"embeddable":true,"href":"https:\/\/www.structo.ch\/de\/wp-json\/wp\/v2\/comments?post=6039"}],"version-history":[{"count":6,"href":"https:\/\/www.structo.ch\/de\/wp-json\/wp\/v2\/pages\/6039\/revisions"}],"predecessor-version":[{"id":6708,"href":"https:\/\/www.structo.ch\/de\/wp-json\/wp\/v2\/pages\/6039\/revisions\/6708"}],"wp:attachment":[{"href":"https:\/\/www.structo.ch\/de\/wp-json\/wp\/v2\/media?parent=6039"}],"curies":[{"name":"wp","href":"https:\/\/api.w.org\/{rel}","templated":true}]}}